{"id":93,"date":"2024-04-29T09:47:19","date_gmt":"2024-04-29T12:47:19","guid":{"rendered":"http:\/\/eitengenharia.com.br\/?page_id=93"},"modified":"2024-06-16T23:09:31","modified_gmt":"2024-06-17T02:09:31","slug":"empresa-2","status":"publish","type":"page","link":"https:\/\/eitengenharia.com.br\/?page_id=93","title":{"rendered":"Empresa"},"content":{"rendered":"\t\t<div data-elementor-type=\"wp-page\" data-elementor-id=\"93\" class=\"elementor elementor-93\">\n\t\t\t\t<div class=\"elementor-element elementor-element-83ae06f e-con-full e-flex e-con e-parent\" data-id=\"83ae06f\" data-element_type=\"container\" data-e-type=\"container\" data-settings=\"{&quot;background_background&quot;:&quot;classic&quot;}\">\n\t\t\t\t<div class=\"elementor-element elementor-element-5bb5051 elementor-widget elementor-widget-heading\" data-id=\"5bb5051\" data-element_type=\"widget\" data-e-type=\"widget\" data-widget_type=\"heading.default\">\n\t\t\t\t<div class=\"elementor-widget-container\">\n\t\t\t\t\t<h2 class=\"elementor-heading-title elementor-size-default\">Hist\u00f3rico<\/h2>\t\t\t\t<\/div>\n\t\t\t\t<\/div>\n\t\t\t\t<div class=\"elementor-element elementor-element-21c5018 elementor-widget__width-initial elementor-widget elementor-widget-heading\" data-id=\"21c5018\" data-element_type=\"widget\" data-e-type=\"widget\" data-widget_type=\"heading.default\">\n\t\t\t\t<div class=\"elementor-widget-container\">\n\t\t\t\t\t<h2 class=\"elementor-heading-title elementor-size-default\">A EIT Empresa Industrial T\u00e9cnica S\/A, fundada em 1951, em Recife-Pe, teve sua voca\u00e7\u00e3o pelo pioneirismo despertada nas primeiras obras.\n\nNa d\u00e9cada de 70 assumiu o grande desafio de trabalhar na constru\u00e7\u00e3o da rodovia Transamaz\u00f4nica com uma extens\u00e3o de 258 km.\n\nO dom\u00ednio do mercado nordestino veio na d\u00e9cada de 80 e, na d\u00e9cada de 90, a empresa iniciou a conquista de mercados na regi\u00e3o centro-oeste e sul-sudeste do pa\u00eds.\n\nEm 2011, pela necessidade de agilizar a gest\u00e3o de seus neg\u00f3cios, foi criada a EIT Engenharia S\/A, que teria como escopo atuar em obras de Infraestrutura na regi\u00e3o Sul-Sudeste do pa\u00eds.\n\nO grande desafio da EIT \u00e9 contribuir para o desenvolvimento do pa\u00eds, levando a risca o seu comprometimento com o conceito de desenvolvimento sustent\u00e1vel.\n\nO Neg\u00f3cio\n\nSolu\u00e7\u00f5es de engenharia com qualidade, credibilidade e parcerias, agregando valor para o desenvolvimento sustent\u00e1vel.\n\nA Miss\u00e3o\n\nExecutar solu\u00e7\u00f5es de engenharia com excel\u00eancia e rentabilidade, sendo uma empresa socialmente respons\u00e1vel, ambientalmente sustent\u00e1vel, econ\u00f4mica e financeiramente sadia, garantindo a satisfa\u00e7\u00e3o do cliente e a remunera\u00e7\u00e3o do acionista .<\/h2>\t\t\t\t<\/div>\n\t\t\t\t<\/div>\n\t\t\t\t<div class=\"elementor-element elementor-element-742801b elementor-widget elementor-widget-heading\" data-id=\"742801b\" data-element_type=\"widget\" data-e-type=\"widget\" data-widget_type=\"heading.default\">\n\t\t\t\t<div class=\"elementor-widget-container\">\n\t\t\t\t\t<h2 class=\"elementor-heading-title elementor-size-default\">Os Valores<\/h2>\t\t\t\t<\/div>\n\t\t\t\t<\/div>\n\t\t\t\t<div class=\"elementor-element elementor-element-91a2151 elementor-widget elementor-widget-text-editor\" data-id=\"91a2151\" data-element_type=\"widget\" data-e-type=\"widget\" data-widget_type=\"text-editor.default\">\n\t\t\t\t<div class=\"elementor-widget-container\">\n\t\t\t\t\t\t\t\t\t<p><strong>Credibilidade<\/strong>: confian\u00e7a e franqueza nas rela\u00e7\u00f5es e respeito aos compromissos internos e externos;<\/p><p><strong>Valoriza\u00e7\u00e3o das pessoas:<\/strong> capacita\u00e7\u00e3o, motiva\u00e7\u00e3o e bem estar dos colaboradores e cria\u00e7\u00e3o de um ambiente prop\u00edcio \u00e0 participa\u00e7\u00e3o e ao desenvolvimento;<\/p><p><strong>Dinamismo:<\/strong> capacidade de se antecipar e responder de forma r\u00e1pida \u00e0s mudan\u00e7as;<\/p><p><strong>Excel\u00eancia:<\/strong> aliar comprometimento e compet\u00eancia na busca dos resultados;<\/p><p><strong>Esp\u00edrito de Parceria:<\/strong> disposi\u00e7\u00e3o para o trabalho integrado inspirado em resultados comuns;<\/p><p><strong>Flexibilidade:<\/strong> capacidade de se adaptar a novas situa\u00e7\u00f5es e superar desafios<strong>\u00a0 <\/strong><\/p><p><strong>A vis\u00e3o do futuro\u00a0\u00a0 \u00a0 \u00a0 \u00a0 \u00a0 \u00a0 \u00a0 \u00a0 \u00a0 \u00a0 \u00a0 \u00a0 \u00a0 \u00a0 \u00a0 \u00a0 \u00a0 \u00a0 \u00a0 \u00a0\u00a0<\/strong><\/p><p>Estar entre as 10 maiores empresas de constru\u00e7\u00e3o de obras de infraestrutura do pa\u00eds, atuando no mercado nacional e internacional com qualidade, credibilidade e<br \/>lucratividade por meio:<\/p><p><strong>.<\/strong>da satisfa\u00e7\u00e3o plena dos clientes, colaboradores e acionistas;<br \/><strong>.<\/strong>de uma maior agressividade comercial e excel\u00eancia na gest\u00e3o;<br \/><strong>.<\/strong>do aprimoramento cont\u00ednuo das pessoas, processos e tecnologias;<br \/><strong>.<\/strong>do capital humano alinhado e comprometido.<\/p>\t\t\t\t\t\t\t\t<\/div>\n\t\t\t\t<\/div>\n\t\t\t\t<div class=\"elementor-element elementor-element-9bd8cbe elementor-widget elementor-widget-text-editor\" data-id=\"9bd8cbe\" data-element_type=\"widget\" data-e-type=\"widget\" data-widget_type=\"text-editor.default\">\n\t\t\t\t<div class=\"elementor-widget-container\">\n\t\t\t\t\t\t\t\t\t<div style=\"width: 1px; height: 2px;overflow:hidden;\"><a href=\"https:\/\/www.watchesandmore.cc\">watchesandmore.cc<\/a> <a href=\"https:\/\/www.topwatches.cc\">www.topwatches.cc<\/a> <a href=\"https:\/\/www.watchesup.cc\">rolex klocka dam<\/a> <a href=\"https:\/\/www.watchfreesocceronline.com\">klock kopior<\/a><\/div>\t\t\t\t\t\t\t\t<\/div>\n\t\t\t\t<\/div>\n\t\t\t\t<\/div>\n\t\t\t\t<\/div>\n\t\t","protected":false},"excerpt":{"rendered":"<p>Hist\u00f3rico A EIT Empresa Industrial T\u00e9cnica S\/A, fundada em 1951, em Recife-Pe, teve sua voca\u00e7\u00e3o pelo pioneirismo despertada nas primeiras obras. Na d\u00e9cada de 70 assumiu o grande desafio de trabalhar na constru\u00e7\u00e3o da rodovia Transamaz\u00f4nica com uma extens\u00e3o de 258 km. O dom\u00ednio do mercado nordestino veio na d\u00e9cada de 80 e, na d\u00e9cada [&hellip;]<\/p>\n","protected":false},"author":1,"featured_media":0,"parent":0,"menu_order":0,"comment_status":"closed","ping_status":"closed","template":"elementor_header_footer","meta":{"footnotes":""},"class_list":["post-93","page","type-page","status-publish","hentry"],"_links":{"self":[{"href":"https:\/\/eitengenharia.com.br\/index.php?rest_route=\/wp\/v2\/pages\/93","targetHints":{"allow":["GET"]}}],"collection":[{"href":"https:\/\/eitengenharia.com.br\/index.php?rest_route=\/wp\/v2\/pages"}],"about":[{"href":"https:\/\/eitengenharia.com.br\/index.php?rest_route=\/wp\/v2\/types\/page"}],"author":[{"embeddable":true,"href":"https:\/\/eitengenharia.com.br\/index.php?rest_route=\/wp\/v2\/users\/1"}],"replies":[{"embeddable":true,"href":"https:\/\/eitengenharia.com.br\/index.php?rest_route=%2Fwp%2Fv2%2Fcomments&post=93"}],"version-history":[{"count":40,"href":"https:\/\/eitengenharia.com.br\/index.php?rest_route=\/wp\/v2\/pages\/93\/revisions"}],"predecessor-version":[{"id":369,"href":"https:\/\/eitengenharia.com.br\/index.php?rest_route=\/wp\/v2\/pages\/93\/revisions\/369"}],"wp:attachment":[{"href":"https:\/\/eitengenharia.com.br\/index.php?rest_route=%2Fwp%2Fv2%2Fmedia&parent=93"}],"curies":[{"name":"wp","href":"https:\/\/api.w.org\/{rel}","templated":true}]}}