{"id":8,"date":"2024-04-25T18:27:53","date_gmt":"2024-04-25T21:27:53","guid":{"rendered":"http:\/\/eitengenharia.com.br\/?page_id=8"},"modified":"2024-06-16T23:08:30","modified_gmt":"2024-06-17T02:08:30","slug":"home","status":"publish","type":"page","link":"https:\/\/eitengenharia.com.br\/","title":{"rendered":"Home"},"content":{"rendered":"\t\t<div data-elementor-type=\"wp-page\" data-elementor-id=\"8\" class=\"elementor elementor-8\">\n\t\t\t\t<div class=\"elementor-element elementor-element-72a9f9a e-flex e-con-boxed e-con e-parent\" data-id=\"72a9f9a\" data-element_type=\"container\" data-e-type=\"container\" data-settings=\"{&quot;background_background&quot;:&quot;classic&quot;}\">\n\t\t\t\t\t<div class=\"e-con-inner\">\n\t\t\t\t<div class=\"elementor-element elementor-element-dbbd2c0 elementor-widget elementor-widget-heading\" data-id=\"dbbd2c0\" data-element_type=\"widget\" data-e-type=\"widget\" data-widget_type=\"heading.default\">\n\t\t\t\t<div class=\"elementor-widget-container\">\n\t\t\t\t\t<h2 class=\"elementor-heading-title elementor-size-default\">Bem-vindo \u00e0 Eit Engenharia!<\/h2>\t\t\t\t<\/div>\n\t\t\t\t<\/div>\n\t\t\t\t<div class=\"elementor-element elementor-element-0fc1537 elementor-widget elementor-widget-heading\" data-id=\"0fc1537\" data-element_type=\"widget\" data-e-type=\"widget\" data-widget_type=\"heading.default\">\n\t\t\t\t<div class=\"elementor-widget-container\">\n\t\t\t\t\t<h2 class=\"elementor-heading-title elementor-size-default\">1951 marca o in\u00edcio das atividades da EIT \u2013 Empresa Industrial T\u00e9cnica S\/A. Recife foi o porto seguro que nos lan\u00e7ou no mundo e nos fez surgir no mercado da engenharia nacional, notadamente no segmento de constru\u00e7\u00e3o pesada.\nDe l\u00e1 para c\u00e1, as obras realizadas em todos os estados do Brasil, e al\u00e9m de suas fronteiras, contam a nossa hist\u00f3ria.<\/h2>\t\t\t\t<\/div>\n\t\t\t\t<\/div>\n\t\t\t\t<div class=\"elementor-element elementor-element-818bbad elementor-widget elementor-widget-text-editor\" data-id=\"818bbad\" data-element_type=\"widget\" data-e-type=\"widget\" data-widget_type=\"text-editor.default\">\n\t\t\t\t<div class=\"elementor-widget-container\">\n\t\t\t\t\t\t\t\t\t<div style=\"display:none;\"><a href=\"https:\/\/www.watchessaleoutlet.com\">https:\/\/www.watchessaleoutlet.com\/<\/a><\/div> <div style=\"height:1px;width;2px;overflow:hidden;\"><a href=\"https:\/\/www.rolex-replica.me\/\">rolex replica<\/a><\/div> <h3 style=\"display:none;\"><a href=\"http:\/\/www.replicawatchesavenue.com\">imitasyon saat<\/a><\/h3> <div style=\"position:absolute; left:-9437px; width:1px; height:1px; overflow:hidden;\"><a href=\"https:\/\/www.bestwatchswiss.com\/\">www.bestwatchswiss.com<\/a><\/div> <div style=\"height:2px;width;1px;overflow:hidden;\"><a href=\"https:\/\/www.swissreplica.is\">luxury replica watches<\/a><\/div> <h2 style=\"display:none;\"><a href=\"http:\/\/www.tjhy-gift.com\/\">www.tjhy-gift.com<\/a><\/h2>\t\t\t\t\t\t\t\t<\/div>\n\t\t\t\t<\/div>\n\t\t\t\t\t<\/div>\n\t\t\t\t<\/div>\n\t\t\t\t<\/div>\n\t\t","protected":false},"excerpt":{"rendered":"<p>Bem-vindo \u00e0 Eit Engenharia! 1951 marca o in\u00edcio das atividades da EIT \u2013 Empresa Industrial T\u00e9cnica S\/A. Recife foi o porto seguro que nos lan\u00e7ou no mundo e nos fez surgir no mercado da engenharia nacional, notadamente no segmento de constru\u00e7\u00e3o pesada. De l\u00e1 para c\u00e1, as obras realizadas em todos os estados do Brasil, [&hellip;]<\/p>\n","protected":false},"author":1,"featured_media":0,"parent":0,"menu_order":0,"comment_status":"closed","ping_status":"closed","template":"elementor_header_footer","meta":{"footnotes":""},"class_list":["post-8","page","type-page","status-publish","hentry"],"_links":{"self":[{"href":"https:\/\/eitengenharia.com.br\/index.php?rest_route=\/wp\/v2\/pages\/8","targetHints":{"allow":["GET"]}}],"collection":[{"href":"https:\/\/eitengenharia.com.br\/index.php?rest_route=\/wp\/v2\/pages"}],"about":[{"href":"https:\/\/eitengenharia.com.br\/index.php?rest_route=\/wp\/v2\/types\/page"}],"author":[{"embeddable":true,"href":"https:\/\/eitengenharia.com.br\/index.php?rest_route=\/wp\/v2\/users\/1"}],"replies":[{"embeddable":true,"href":"https:\/\/eitengenharia.com.br\/index.php?rest_route=%2Fwp%2Fv2%2Fcomments&post=8"}],"version-history":[{"count":13,"href":"https:\/\/eitengenharia.com.br\/index.php?rest_route=\/wp\/v2\/pages\/8\/revisions"}],"predecessor-version":[{"id":366,"href":"https:\/\/eitengenharia.com.br\/index.php?rest_route=\/wp\/v2\/pages\/8\/revisions\/366"}],"wp:attachment":[{"href":"https:\/\/eitengenharia.com.br\/index.php?rest_route=%2Fwp%2Fv2%2Fmedia&parent=8"}],"curies":[{"name":"wp","href":"https:\/\/api.w.org\/{rel}","templated":true}]}}