{"id":205,"date":"2024-04-29T12:15:52","date_gmt":"2024-04-29T15:15:52","guid":{"rendered":"http:\/\/eitengenharia.com.br\/?page_id=205"},"modified":"2024-04-29T15:18:50","modified_gmt":"2024-04-29T18:18:50","slug":"contato","status":"publish","type":"page","link":"https:\/\/eitengenharia.com.br\/?page_id=205","title":{"rendered":"Contato"},"content":{"rendered":"\t\t<div data-elementor-type=\"wp-page\" data-elementor-id=\"205\" class=\"elementor elementor-205\">\n\t\t\t\t<div class=\"elementor-element elementor-element-b32e6f6 e-flex e-con-boxed e-con e-parent\" data-id=\"b32e6f6\" data-element_type=\"container\" data-e-type=\"container\">\n\t\t\t\t\t<div class=\"e-con-inner\">\n\t\t<div class=\"elementor-element elementor-element-2eccd90 e-con-full e-flex e-con e-child\" data-id=\"2eccd90\" data-element_type=\"container\" data-e-type=\"container\">\n\t\t\t\t<div class=\"elementor-element elementor-element-1769050 elementor-widget elementor-widget-google_maps\" data-id=\"1769050\" data-element_type=\"widget\" data-e-type=\"widget\" data-widget_type=\"google_maps.default\">\n\t\t\t\t<div class=\"elementor-widget-container\">\n\t\t\t\t\t\t\t<div class=\"elementor-custom-embed\">\n\t\t\t<iframe loading=\"lazy\"\n\t\t\t\t\tsrc=\"https:\/\/maps.google.com\/maps?q=%20Pressione%20Ctrl%20e%20role%20a%20tela%20simultaneamente%20para%20aplicar%20zoom%20no%20mapa%20%20%20R.%20Ten.%20Negr%C3%A3o%2C%20140%20-%20Itaim%20Bibi%20R.%20Ten.%20Negr%C3%A3o%2C%20140%20-%20Itaim%20Bibi%2C%20S%C3%A3o%20Paulo%20-%20SP%2C%2004530-030&#038;t=m&#038;z=10&#038;output=embed&#038;iwloc=near\"\n\t\t\t\t\ttitle=\" Pressione Ctrl e role a tela simultaneamente para aplicar zoom no mapa   R. Ten. Negr\u00e3o, 140 - Itaim Bibi R. Ten. Negr\u00e3o, 140 - Itaim Bibi, S\u00e3o Paulo - SP, 04530-030\"\n\t\t\t\t\taria-label=\" Pressione Ctrl e role a tela simultaneamente para aplicar zoom no mapa   R. Ten. Negr\u00e3o, 140 - Itaim Bibi R. Ten. Negr\u00e3o, 140 - Itaim Bibi, S\u00e3o Paulo - SP, 04530-030\"\n\t\t\t><\/iframe>\n\t\t<\/div>\n\t\t\t\t\t\t<\/div>\n\t\t\t\t<\/div>\n\t\t\t\t<\/div>\n\t\t<div class=\"elementor-element elementor-element-45106db e-con-full e-flex e-con e-child\" data-id=\"45106db\" data-element_type=\"container\" data-e-type=\"container\">\n\t\t\t\t<\/div>\n\t\t\t\t\t<\/div>\n\t\t\t\t<\/div>\n\t\t\t\t<\/div>\n\t\t","protected":false},"excerpt":{"rendered":"<p>Seu nome Seu e-mail Assunto Sua mensagem (opcional)<\/p>\n","protected":false},"author":1,"featured_media":0,"parent":0,"menu_order":0,"comment_status":"closed","ping_status":"closed","template":"elementor_header_footer","meta":{"footnotes":""},"class_list":["post-205","page","type-page","status-publish","hentry"],"_links":{"self":[{"href":"https:\/\/eitengenharia.com.br\/index.php?rest_route=\/wp\/v2\/pages\/205","targetHints":{"allow":["GET"]}}],"collection":[{"href":"https:\/\/eitengenharia.com.br\/index.php?rest_route=\/wp\/v2\/pages"}],"about":[{"href":"https:\/\/eitengenharia.com.br\/index.php?rest_route=\/wp\/v2\/types\/page"}],"author":[{"embeddable":true,"href":"https:\/\/eitengenharia.com.br\/index.php?rest_route=\/wp\/v2\/users\/1"}],"replies":[{"embeddable":true,"href":"https:\/\/eitengenharia.com.br\/index.php?rest_route=%2Fwp%2Fv2%2Fcomments&post=205"}],"version-history":[{"count":40,"href":"https:\/\/eitengenharia.com.br\/index.php?rest_route=\/wp\/v2\/pages\/205\/revisions"}],"predecessor-version":[{"id":265,"href":"https:\/\/eitengenharia.com.br\/index.php?rest_route=\/wp\/v2\/pages\/205\/revisions\/265"}],"wp:attachment":[{"href":"https:\/\/eitengenharia.com.br\/index.php?rest_route=%2Fwp%2Fv2%2Fmedia&parent=205"}],"curies":[{"name":"wp","href":"https:\/\/api.w.org\/{rel}","templated":true}]}}