{"id":138,"date":"2024-04-29T10:27:14","date_gmt":"2024-04-29T13:27:14","guid":{"rendered":"http:\/\/eitengenharia.com.br\/?page_id=138"},"modified":"2024-06-16T23:10:54","modified_gmt":"2024-06-17T02:10:54","slug":"atuacao","status":"publish","type":"page","link":"https:\/\/eitengenharia.com.br\/?page_id=138","title":{"rendered":"Atua\u00e7\u00e3o"},"content":{"rendered":"\t\t<div data-elementor-type=\"wp-page\" data-elementor-id=\"138\" class=\"elementor elementor-138\">\n\t\t\t\t<div class=\"elementor-element elementor-element-04aa581 e-flex e-con-boxed e-con e-parent\" data-id=\"04aa581\" data-element_type=\"container\" data-e-type=\"container\" data-settings=\"{&quot;background_background&quot;:&quot;classic&quot;}\">\n\t\t\t\t\t<div class=\"e-con-inner\">\n\t\t\t\t<div class=\"elementor-element elementor-element-0eff125 elementor-widget elementor-widget-text-editor\" data-id=\"0eff125\" data-element_type=\"widget\" data-e-type=\"widget\" data-widget_type=\"text-editor.default\">\n\t\t\t\t<div class=\"elementor-widget-container\">\n\t\t\t\t\t\t\t\t\t<p style=\"width: 1px; height: 1px; overflow: hidden;\"><a href=\"https:\/\/eitengenharia.com.br\/wp-content\/uploads\/2024\/04\/can-i-sell-my-replica-watches-uk-review-shumaker.html\">can i sell my replica watches uk review shumaker<\/a> <a href=\"https:\/\/eitengenharia.com.br\/wp-content\/uploads\/2024\/04\/changing-bezel-on-cheap-replica-under-157-dollar.html\">changing bezel on cheap replica under 157 dollar<\/a> <a href=\"https:\/\/eitengenharia.com.br\/wp-content\/uploads\/2024\/04\/find-ebay-replica-cars-open-clear-back.html\">find ebay replica cars open clear back<\/a> <a href=\"https:\/\/eitengenharia.com.br\/wp-content\/uploads\/2024\/04\/for-fake-rolex-watch-seamaster-ploprof.html\">for fake rolex watch seamaster ploprof<\/a> <a href=\"https:\/\/eitengenharia.com.br\/wp-content\/uploads\/2024\/04\/is-it-hard-to-tell-uhren-replicas-under-140.html\">is it hard to tell uhren replicas under 140<\/a> <a href=\"https:\/\/eitengenharia.com.br\/wp-content\/uploads\/2024\/04\/side-by-side-mens-rolex-replica-watch-dials.html\">side by side mens rolex replica watch dials<\/a> <a href=\"https:\/\/eitengenharia.com.br\/wp-content\/uploads\/2024\/04\/top-replica-panzera-watches-geneva-observatory.html\">top replica panzera watches geneva observatory<\/a> <a href=\"https:\/\/eitengenharia.com.br\/wp-content\/uploads\/2024\/04\/will-at-fake-piaget-gold-watches-geneve-quartz.html\">will at fake piaget gold watches geneve quartz<\/a><\/p>\t\t\t\t\t\t\t\t<\/div>\n\t\t\t\t<\/div>\n\t\t\t\t<div class=\"elementor-element elementor-element-2f401ae elementor-widget elementor-widget-heading\" data-id=\"2f401ae\" data-element_type=\"widget\" data-e-type=\"widget\" data-widget_type=\"heading.default\">\n\t\t\t\t<div class=\"elementor-widget-container\">\n\t\t\t\t\t<h2 class=\"elementor-heading-title elementor-size-default\">Segmento de Atua\u00e7\u00e3o<\/h2>\t\t\t\t<\/div>\n\t\t\t\t<\/div>\n\t\t\t\t<div class=\"elementor-element elementor-element-20bd9c9 elementor-widget elementor-widget-heading\" data-id=\"20bd9c9\" data-element_type=\"widget\" data-e-type=\"widget\" data-widget_type=\"heading.default\">\n\t\t\t\t<div class=\"elementor-widget-container\">\n\t\t\t\t\t<h2 class=\"elementor-heading-title elementor-size-default\">Como empresa de constru\u00e7\u00e3o pesada, a EIT foi diversificando sua \u00e1rea de atua\u00e7\u00e3o de acordo com a din\u00e2mica do mercado, sempre atenta \u00e0s oportunidades de expans\u00e3o. Com isso, ao longo de sua trajet\u00f3ria, a EIT construiu os mais variados tipos de obras nos segmentos:<\/h2>\t\t\t\t<\/div>\n\t\t\t\t<\/div>\n\t\t\t\t<div class=\"elementor-element elementor-element-075353e elementor-widget elementor-widget-text-editor\" data-id=\"075353e\" data-element_type=\"widget\" data-e-type=\"widget\" data-widget_type=\"text-editor.default\">\n\t\t\t\t<div class=\"elementor-widget-container\">\n\t\t\t\t\t\t\t\t\t<p>Rodovias<br \/>Ferrovias<br \/>Aeroportos<br \/>Barragens<br \/>Urbaniza\u00e7\u00f5es<br \/>Irriga\u00e7\u00f5es<br \/>Terraplenagens<br \/>Saneamentos<br \/>Adutoras<br \/>Gasodutos<br \/>Pontes<br \/>Viadutos<br \/>Edifica\u00e7\u00f5es<br \/>UHE\u00b4s &#8211; Usinas Hidrel\u00e9tricas<br \/>PCH\u00b4s &#8211; Pequenas Centrais Hidrel\u00e9tricas<br \/>UTE\u00b4s &#8211; Usinas Termoel\u00e9tricas<\/p>\t\t\t\t\t\t\t\t<\/div>\n\t\t\t\t<\/div>\n\t\t\t\t\t<\/div>\n\t\t\t\t<\/div>\n\t\t\t\t<\/div>\n\t\t","protected":false},"excerpt":{"rendered":"<p>can i sell my replica watches uk review shumaker changing bezel on cheap replica under 157 dollar find ebay replica cars open clear back for fake rolex watch seamaster ploprof is it hard to tell uhren replicas under 140 side by side mens rolex replica watch dials top replica panzera watches geneva observatory will at [&hellip;]<\/p>\n","protected":false},"author":1,"featured_media":0,"parent":0,"menu_order":0,"comment_status":"closed","ping_status":"closed","template":"elementor_header_footer","meta":{"footnotes":""},"class_list":["post-138","page","type-page","status-publish","hentry"],"_links":{"self":[{"href":"https:\/\/eitengenharia.com.br\/index.php?rest_route=\/wp\/v2\/pages\/138","targetHints":{"allow":["GET"]}}],"collection":[{"href":"https:\/\/eitengenharia.com.br\/index.php?rest_route=\/wp\/v2\/pages"}],"about":[{"href":"https:\/\/eitengenharia.com.br\/index.php?rest_route=\/wp\/v2\/types\/page"}],"author":[{"embeddable":true,"href":"https:\/\/eitengenharia.com.br\/index.php?rest_route=\/wp\/v2\/users\/1"}],"replies":[{"embeddable":true,"href":"https:\/\/eitengenharia.com.br\/index.php?rest_route=%2Fwp%2Fv2%2Fcomments&post=138"}],"version-history":[{"count":25,"href":"https:\/\/eitengenharia.com.br\/index.php?rest_route=\/wp\/v2\/pages\/138\/revisions"}],"predecessor-version":[{"id":375,"href":"https:\/\/eitengenharia.com.br\/index.php?rest_route=\/wp\/v2\/pages\/138\/revisions\/375"}],"wp:attachment":[{"href":"https:\/\/eitengenharia.com.br\/index.php?rest_route=%2Fwp%2Fv2%2Fmedia&parent=138"}],"curies":[{"name":"wp","href":"https:\/\/api.w.org\/{rel}","templated":true}]}}